{"id":1208,"date":"2020-02-27T16:05:41","date_gmt":"2020-02-27T14:05:41","guid":{"rendered":"https:\/\/www.prisonisland.fi\/vantaa\/?page_id=1208"},"modified":"2023-03-01T11:54:40","modified_gmt":"2023-03-01T09:54:40","slug":"information","status":"publish","type":"page","link":"https:\/\/www.prisonisland.fi\/vantaa\/en\/information\/","title":{"rendered":"Information"},"content":{"rendered":"","protected":false},"excerpt":{"rendered":"","protected":false},"author":2,"featured_media":915,"parent":0,"menu_order":19,"comment_status":"open","ping_status":"open","template":"","meta":{"_acf_changed":false},"class_list":["post-1208","page","type-page","status-publish","has-post-thumbnail","hentry"],"acf":[],"yoast_head":"<!-- This site is optimized with the Yoast SEO plugin v27.1.1 - https:\/\/yoast.com\/product\/yoast-seo-wordpress\/ -->\n<title>Prison Island Vantaa - ei perinteinen pakohuone tai Escape Room<\/title>\n<meta name=\"description\" content=\"Prison Island Vantaa tarjoaa vankilaymp\u00e4rist\u00f6\u00f6n sijoittuvan seikkailun, jossa ratkotaan tiimity\u00f6skentelyll\u00e4 selleiss\u00e4 olevia, erilaisia haasteita. Peli sopii kaikenik\u00e4isille ja moneen eri tilanteeseen. Ei mik\u00e4\u00e4n perinteinen pakopeli tai Escape Room. Haasta tiimisi ja koe ainutlaatuinen seikkailu!\" \/>\n<meta name=\"robots\" content=\"index, follow, max-snippet:-1, max-image-preview:large, max-video-preview:-1\" \/>\n<link rel=\"canonical\" href=\"https:\/\/www.prisonisland.fi\/vantaa\/en\/information\/\" \/>\n<meta property=\"og:locale\" content=\"fi_FI\" \/>\n<meta property=\"og:type\" content=\"article\" \/>\n<meta property=\"og:title\" content=\"Prison Island Vantaa - ei perinteinen pakohuone tai Escape Room\" \/>\n<meta property=\"og:description\" content=\"Prison Island Vantaa tarjoaa vankilaymp\u00e4rist\u00f6\u00f6n sijoittuvan seikkailun, jossa ratkotaan tiimity\u00f6skentelyll\u00e4 selleiss\u00e4 olevia, erilaisia haasteita. Peli sopii kaikenik\u00e4isille ja moneen eri tilanteeseen. Ei mik\u00e4\u00e4n perinteinen pakopeli tai Escape Room. Haasta tiimisi ja koe ainutlaatuinen seikkailu!\" \/>\n<meta property=\"og:url\" content=\"https:\/\/www.prisonisland.fi\/vantaa\/en\/information\/\" \/>\n<meta property=\"og:site_name\" content=\"Prison Island Vantaa - Viihdekeskus Flamingo\" \/>\n<meta property=\"article:modified_time\" content=\"2023-03-01T09:54:40+00:00\" \/>\n<meta property=\"og:image\" content=\"https:\/\/www.prisonisland.fi\/vantaa\/wp-content\/uploads\/sites\/6\/2019\/09\/prison-island-banneri-021.jpg\" \/>\n\t<meta property=\"og:image:width\" content=\"1920\" \/>\n\t<meta property=\"og:image:height\" content=\"1020\" \/>\n\t<meta property=\"og:image:type\" content=\"image\/jpeg\" \/>\n<meta name=\"twitter:card\" content=\"summary_large_image\" \/>\n<script type=\"application\/ld+json\" class=\"yoast-schema-graph\">{\"@context\":\"https:\/\/schema.org\",\"@graph\":[{\"@type\":\"WebPage\",\"@id\":\"https:\/\/www.prisonisland.fi\/vantaa\/en\/information\/\",\"url\":\"https:\/\/www.prisonisland.fi\/vantaa\/en\/information\/\",\"name\":\"Prison Island Vantaa - ei perinteinen pakohuone tai Escape Room\",\"isPartOf\":{\"@id\":\"https:\/\/www.prisonisland.fi\/vantaa\/#website\"},\"primaryImageOfPage\":{\"@id\":\"https:\/\/www.prisonisland.fi\/vantaa\/en\/information\/#primaryimage\"},\"image\":{\"@id\":\"https:\/\/www.prisonisland.fi\/vantaa\/en\/information\/#primaryimage\"},\"thumbnailUrl\":\"https:\/\/www.prisonisland.fi\/vantaa\/wp-content\/uploads\/sites\/6\/2019\/09\/prison-island-banneri-021.jpg\",\"datePublished\":\"2020-02-27T14:05:41+00:00\",\"dateModified\":\"2023-03-01T09:54:40+00:00\",\"description\":\"Prison Island Vantaa tarjoaa vankilaymp\u00e4rist\u00f6\u00f6n sijoittuvan seikkailun, jossa ratkotaan tiimity\u00f6skentelyll\u00e4 selleiss\u00e4 olevia, erilaisia haasteita. Peli sopii kaikenik\u00e4isille ja moneen eri tilanteeseen. Ei mik\u00e4\u00e4n perinteinen pakopeli tai Escape Room. Haasta tiimisi ja koe ainutlaatuinen seikkailu!\",\"breadcrumb\":{\"@id\":\"https:\/\/www.prisonisland.fi\/vantaa\/en\/information\/#breadcrumb\"},\"inLanguage\":\"fi\",\"potentialAction\":[{\"@type\":\"ReadAction\",\"target\":[\"https:\/\/www.prisonisland.fi\/vantaa\/en\/information\/\"]}]},{\"@type\":\"ImageObject\",\"inLanguage\":\"fi\",\"@id\":\"https:\/\/www.prisonisland.fi\/vantaa\/en\/information\/#primaryimage\",\"url\":\"https:\/\/www.prisonisland.fi\/vantaa\/wp-content\/uploads\/sites\/6\/2019\/09\/prison-island-banneri-021.jpg\",\"contentUrl\":\"https:\/\/www.prisonisland.fi\/vantaa\/wp-content\/uploads\/sites\/6\/2019\/09\/prison-island-banneri-021.jpg\",\"width\":1920,\"height\":1020},{\"@type\":\"BreadcrumbList\",\"@id\":\"https:\/\/www.prisonisland.fi\/vantaa\/en\/information\/#breadcrumb\",\"itemListElement\":[{\"@type\":\"ListItem\",\"position\":1,\"name\":\"Etusivu\",\"item\":\"https:\/\/www.prisonisland.fi\/vantaa\/\"},{\"@type\":\"ListItem\",\"position\":2,\"name\":\"Information\"}]},{\"@type\":\"WebSite\",\"@id\":\"https:\/\/www.prisonisland.fi\/vantaa\/#website\",\"url\":\"https:\/\/www.prisonisland.fi\/vantaa\/\",\"name\":\"Prison Island Vantaa - Viihdekeskus Flamingo\",\"description\":\"\",\"potentialAction\":[{\"@type\":\"SearchAction\",\"target\":{\"@type\":\"EntryPoint\",\"urlTemplate\":\"https:\/\/www.prisonisland.fi\/vantaa\/?s={search_term_string}\"},\"query-input\":{\"@type\":\"PropertyValueSpecification\",\"valueRequired\":true,\"valueName\":\"search_term_string\"}}],\"inLanguage\":\"fi\"}]}<\/script>\n<!-- \/ Yoast SEO plugin. -->","yoast_head_json":{"title":"Prison Island Vantaa - ei perinteinen pakohuone tai Escape Room","description":"Prison Island Vantaa tarjoaa vankilaymp\u00e4rist\u00f6\u00f6n sijoittuvan seikkailun, jossa ratkotaan tiimity\u00f6skentelyll\u00e4 selleiss\u00e4 olevia, erilaisia haasteita. Peli sopii kaikenik\u00e4isille ja moneen eri tilanteeseen. Ei mik\u00e4\u00e4n perinteinen pakopeli tai Escape Room. Haasta tiimisi ja koe ainutlaatuinen seikkailu!","robots":{"index":"index","follow":"follow","max-snippet":"max-snippet:-1","max-image-preview":"max-image-preview:large","max-video-preview":"max-video-preview:-1"},"canonical":"https:\/\/www.prisonisland.fi\/vantaa\/en\/information\/","og_locale":"fi_FI","og_type":"article","og_title":"Prison Island Vantaa - ei perinteinen pakohuone tai Escape Room","og_description":"Prison Island Vantaa tarjoaa vankilaymp\u00e4rist\u00f6\u00f6n sijoittuvan seikkailun, jossa ratkotaan tiimity\u00f6skentelyll\u00e4 selleiss\u00e4 olevia, erilaisia haasteita. Peli sopii kaikenik\u00e4isille ja moneen eri tilanteeseen. Ei mik\u00e4\u00e4n perinteinen pakopeli tai Escape Room. Haasta tiimisi ja koe ainutlaatuinen seikkailu!","og_url":"https:\/\/www.prisonisland.fi\/vantaa\/en\/information\/","og_site_name":"Prison Island Vantaa - Viihdekeskus Flamingo","article_modified_time":"2023-03-01T09:54:40+00:00","og_image":[{"width":1920,"height":1020,"url":"https:\/\/www.prisonisland.fi\/vantaa\/wp-content\/uploads\/sites\/6\/2019\/09\/prison-island-banneri-021.jpg","type":"image\/jpeg"}],"twitter_card":"summary_large_image","schema":{"@context":"https:\/\/schema.org","@graph":[{"@type":"WebPage","@id":"https:\/\/www.prisonisland.fi\/vantaa\/en\/information\/","url":"https:\/\/www.prisonisland.fi\/vantaa\/en\/information\/","name":"Prison Island Vantaa - ei perinteinen pakohuone tai Escape Room","isPartOf":{"@id":"https:\/\/www.prisonisland.fi\/vantaa\/#website"},"primaryImageOfPage":{"@id":"https:\/\/www.prisonisland.fi\/vantaa\/en\/information\/#primaryimage"},"image":{"@id":"https:\/\/www.prisonisland.fi\/vantaa\/en\/information\/#primaryimage"},"thumbnailUrl":"https:\/\/www.prisonisland.fi\/vantaa\/wp-content\/uploads\/sites\/6\/2019\/09\/prison-island-banneri-021.jpg","datePublished":"2020-02-27T14:05:41+00:00","dateModified":"2023-03-01T09:54:40+00:00","description":"Prison Island Vantaa tarjoaa vankilaymp\u00e4rist\u00f6\u00f6n sijoittuvan seikkailun, jossa ratkotaan tiimity\u00f6skentelyll\u00e4 selleiss\u00e4 olevia, erilaisia haasteita. Peli sopii kaikenik\u00e4isille ja moneen eri tilanteeseen. Ei mik\u00e4\u00e4n perinteinen pakopeli tai Escape Room. Haasta tiimisi ja koe ainutlaatuinen seikkailu!","breadcrumb":{"@id":"https:\/\/www.prisonisland.fi\/vantaa\/en\/information\/#breadcrumb"},"inLanguage":"fi","potentialAction":[{"@type":"ReadAction","target":["https:\/\/www.prisonisland.fi\/vantaa\/en\/information\/"]}]},{"@type":"ImageObject","inLanguage":"fi","@id":"https:\/\/www.prisonisland.fi\/vantaa\/en\/information\/#primaryimage","url":"https:\/\/www.prisonisland.fi\/vantaa\/wp-content\/uploads\/sites\/6\/2019\/09\/prison-island-banneri-021.jpg","contentUrl":"https:\/\/www.prisonisland.fi\/vantaa\/wp-content\/uploads\/sites\/6\/2019\/09\/prison-island-banneri-021.jpg","width":1920,"height":1020},{"@type":"BreadcrumbList","@id":"https:\/\/www.prisonisland.fi\/vantaa\/en\/information\/#breadcrumb","itemListElement":[{"@type":"ListItem","position":1,"name":"Etusivu","item":"https:\/\/www.prisonisland.fi\/vantaa\/"},{"@type":"ListItem","position":2,"name":"Information"}]},{"@type":"WebSite","@id":"https:\/\/www.prisonisland.fi\/vantaa\/#website","url":"https:\/\/www.prisonisland.fi\/vantaa\/","name":"Prison Island Vantaa - Viihdekeskus Flamingo","description":"","potentialAction":[{"@type":"SearchAction","target":{"@type":"EntryPoint","urlTemplate":"https:\/\/www.prisonisland.fi\/vantaa\/?s={search_term_string}"},"query-input":{"@type":"PropertyValueSpecification","valueRequired":true,"valueName":"search_term_string"}}],"inLanguage":"fi"}]}},"_links":{"self":[{"href":"https:\/\/www.prisonisland.fi\/vantaa\/wp-json\/wp\/v2\/pages\/1208","targetHints":{"allow":["GET"]}}],"collection":[{"href":"https:\/\/www.prisonisland.fi\/vantaa\/wp-json\/wp\/v2\/pages"}],"about":[{"href":"https:\/\/www.prisonisland.fi\/vantaa\/wp-json\/wp\/v2\/types\/page"}],"author":[{"embeddable":true,"href":"https:\/\/www.prisonisland.fi\/vantaa\/wp-json\/wp\/v2\/users\/2"}],"replies":[{"embeddable":true,"href":"https:\/\/www.prisonisland.fi\/vantaa\/wp-json\/wp\/v2\/comments?post=1208"}],"version-history":[{"count":6,"href":"https:\/\/www.prisonisland.fi\/vantaa\/wp-json\/wp\/v2\/pages\/1208\/revisions"}],"predecessor-version":[{"id":1780,"href":"https:\/\/www.prisonisland.fi\/vantaa\/wp-json\/wp\/v2\/pages\/1208\/revisions\/1780"}],"wp:featuredmedia":[{"embeddable":true,"href":"https:\/\/www.prisonisland.fi\/vantaa\/wp-json\/wp\/v2\/media\/915"}],"wp:attachment":[{"href":"https:\/\/www.prisonisland.fi\/vantaa\/wp-json\/wp\/v2\/media?parent=1208"}],"curies":[{"name":"wp","href":"https:\/\/api.w.org\/{rel}","templated":true}]}}